{"id":4011,"date":"2017-08-02T15:32:01","date_gmt":"2017-08-02T13:32:01","guid":{"rendered":"http:\/\/www.teatreromea.cat\/espai-educatiu\/"},"modified":"2025-07-30T14:38:32","modified_gmt":"2025-07-30T12:38:32","slug":"espacio-educativo","status":"publish","type":"page","link":"https:\/\/www.teatreromea.cat\/es\/espacio-educativo\/","title":{"rendered":"Espacio Educativo"},"content":{"rendered":"\n<div class=\"wp-block-group alignfull page-header header-basic has-transparent-background-color has-background is-vertical is-layout-flex wp-container-core-group-is-layout-eb72b9a5 wp-block-group-is-layout-flex\" style=\"padding-top:80px;padding-right:20px;padding-bottom:80px;padding-left:20px\"><h1 style=\"text-transform:uppercase;\" class=\"has-text-align-left wp-block-post-title has-xx-large-fluid-font-size\">Espacio Educativo<\/h1><\/div>\n\n\n\n<div class=\"wp-block-columns block-section is-layout-flex wp-container-core-columns-is-layout-28f84493 wp-block-columns-is-layout-flex\">\n<div class=\"wp-block-column is-layout-flow wp-block-column-is-layout-flow\">\n<div class=\"wp-block-group is-vertical is-layout-flex wp-container-core-group-is-layout-463ea76c wp-block-group-is-layout-flex\">\n<h2 class=\"wp-block-heading has-large-font-size\"><strong>\u00a1ESCUELAS, VENID AL TEATRO, OS ACOMPA\u00d1AMOS!<\/strong>&nbsp;<\/h2>\n<\/div>\n<\/div>\n\n\n\n<div class=\"wp-block-column is-layout-flow wp-block-column-is-layout-flow\">\n<p>La programaci\u00f3n para centros educativos dirigida a ni\u00f1os y j\u00f3venes de 0 a 12 a\u00f1os durante el curso 2025-2026 de los teatros Goya, Romea y Condal se enmarca en la 22\u00aa edici\u00f3n del programa \u201cVive el Teatro con la escuela\u201d. Una programaci\u00f3n de espect\u00e1culos y actividades art\u00edsticas que buscan aportar valores pedag\u00f3gicos en cada propuesta, con el objetivo de generar curiosidad y motivar el debate y la reflexi\u00f3n.<\/p>\n<\/div>\n\n\n\n<div class=\"wp-block-column is-layout-flow wp-block-column-is-layout-flow\">\n<p>Los 10 espect\u00e1culos y las 3 actividades programadas disponen de un dossier pedag\u00f3gico como gu\u00eda para preparar y disfrutar de la experiencia, al tiempo que introducen el mundo esc\u00e9nico y sus particularidades.<\/p>\n\n\n\n<p>Hablemos, pensemos, m\u00edranos, cuid\u00e9monos y sigamos trabajando por la igualdad de oportunidades en un mundo diverso y en constante cambio.<\/p>\n<\/div>\n<\/div>\n\n\n\n<div class=\"wp-block-group block-section is-layout-flow wp-block-group-is-layout-flow\">\n<div class=\"wp-block-columns block-section__header is-layout-flex wp-container-core-columns-is-layout-28f84493 wp-block-columns-is-layout-flex\">\n<div class=\"wp-block-column is-layout-flow wp-block-column-is-layout-flow\" style=\"flex-basis:66.66%\"><\/div>\n<\/div>\n\n\n\n<h2 class=\"wp-block-heading has-large-font-size\"><strong>ESPECT\u00c1CULOS CON FUNCIONES ESCOLARES EN EL TEATRE ROMEA. CURSO 2025-2026:<\/strong>\u00a0<\/h2>\n\n\n\n<div class=\"wp-block-columns block-section__content is-layout-flex wp-container-core-columns-is-layout-763660d3 wp-block-columns-is-layout-flex\" style=\"margin-top:0px;margin-bottom:0px;padding-top:0px;padding-right:0px;padding-bottom:0px;padding-left:0px\">\n<div class=\"wp-block-column is-vertically-aligned-top is-layout-flow wp-block-column-is-layout-flow\">\n<div class=\"wp-block-group is-vertical is-content-justification-left is-layout-flex wp-container-core-group-is-layout-29813446 wp-block-group-is-layout-flex\">\n<h4 class=\"wp-block-heading\"><strong><strong><strong><strong><strong><strong><strong><strong><strong><strong><strong>AL\u00cdCIA AL PA\u00cdS DELS M\u00d2BILS<\/strong><\/strong><\/strong><\/strong><\/strong><\/strong><\/strong><\/strong><\/strong><\/strong><\/strong><\/h4>\n\n\n\n<p>11, 12 y 13 de marzo de 2026\u00a0\u00a0<\/p>\n\n\n\n<h4 class=\"wp-block-heading\"><strong><strong><strong><strong><strong><strong><strong>LA GALLINA DEL OUS D&#8217;OR<\/strong><\/strong><\/strong><\/strong><\/strong><\/strong>\u00a0<\/strong><\/h4>\n\n\n\n<p>16 y 17 de abril de 2026 \u00a0\u00a0<\/p>\n<\/div>\n<\/div>\n\n\n\n<div class=\"wp-block-column is-layout-flow wp-block-column-is-layout-flow\">\n<div class=\"wp-block-group is-vertical is-content-justification-left is-layout-flex wp-container-core-group-is-layout-29813446 wp-block-group-is-layout-flex\">\n<p>Consulta la programaci\u00f3n escolar para ni\u00f1os y primaria VIU EL TEATRE AMB L\u2019ESCOLA (Teatre Romea y Teatre Goya): <a href=\"https:\/\/viuelteatre.com\/es\/programacion-escolar\/\" target=\"_blank\" rel=\"noreferrer noopener\">https:\/\/viuelteatre.com\/es\/programacion-escolar\/<\/a>&nbsp;<\/p>\n\n\n\n<p>Consulta la programaci\u00f3n escolar para secundaria COOLTIVAT (Teatre Condal, Teatre Goya, Teatre Romea y La Villarroel): &nbsp;<br><a href=\"https:\/\/ad.focus.cat\/cooltivat\/\" target=\"_blank\" rel=\"noreferrer noopener\">https:\/\/ad.focus.cat\/cooltivat\/<\/a>&nbsp;&nbsp;<\/p>\n\n\n\n<p>Consultas y reservas: TLF 93 432 43 69 \/ Correo <a href=\"mailto:serveieducatiu@viuelteatre.com\" target=\"_blank\" rel=\"noreferrer noopener\">serveieducatiu@viuelteatre.com<\/a> \/&nbsp; <a href=\"mailto:cooltivat@promentrada.com\" target=\"_blank\" rel=\"noreferrer noopener\">cooltivat@promentrada.com<\/a>&nbsp;&nbsp;<\/p>\n<\/div>\n<\/div>\n<\/div>\n<\/div>\n","protected":false},"excerpt":{"rendered":"<p>\u00a1ESCUELAS, VENID AL TEATRO, OS ACOMPA\u00d1AMOS!&nbsp; La programaci\u00f3n para centros educativos dirigida a ni\u00f1os y j\u00f3venes de 0 a 12 a\u00f1os durante el curso 2025-2026 de los teatros Goya, Romea y Condal se enmarca en la 22\u00aa edici\u00f3n del programa \u201cVive el Teatro con la escuela\u201d. Una programaci\u00f3n de espect\u00e1culos y actividades art\u00edsticas que buscan<a class=\"excerpt-read-more\" href=\"https:\/\/www.teatreromea.cat\/es\/espacio-educativo\/\" title=\"ReadEspacio Educativo\"> &#8230; Leer m\u00e1s<\/a><\/p>\n","protected":false},"author":1,"featured_media":0,"parent":0,"menu_order":0,"comment_status":"closed","ping_status":"closed","template":"","meta":{"_acf_changed":false,"footnotes":""},"class_list":["post-4011","page","type-page","status-publish","hentry"],"acf":{"page_description":""},"yoast_head":"<!-- This site is optimized with the Yoast SEO plugin v27.3 - https:\/\/yoast.com\/product\/yoast-seo-wordpress\/ -->\n<title>Espacio Educativo - Teatre Romea<\/title>\n<meta name=\"robots\" content=\"index, follow, max-snippet:-1, max-image-preview:large, max-video-preview:-1\" \/>\n<link rel=\"canonical\" href=\"https:\/\/www.teatreromea.cat\/es\/espacio-educativo\/\" \/>\n<meta name=\"twitter:label1\" content=\"Tiempo de lectura\" \/>\n\t<meta name=\"twitter:data1\" content=\"2 minutos\" \/>\n<script type=\"application\/ld+json\" class=\"yoast-schema-graph\">{\"@context\":\"https:\\\/\\\/schema.org\",\"@graph\":[{\"@type\":\"WebPage\",\"@id\":\"https:\\\/\\\/www.teatreromea.cat\\\/es\\\/espacio-educativo\\\/\",\"url\":\"https:\\\/\\\/www.teatreromea.cat\\\/es\\\/espacio-educativo\\\/\",\"name\":\"Espacio Educativo - Teatre Romea\",\"isPartOf\":{\"@id\":\"https:\\\/\\\/www.teatreromea.cat\\\/es\\\/#website\"},\"datePublished\":\"2017-08-02T13:32:01+00:00\",\"dateModified\":\"2025-07-30T12:38:32+00:00\",\"breadcrumb\":{\"@id\":\"https:\\\/\\\/www.teatreromea.cat\\\/es\\\/espacio-educativo\\\/#breadcrumb\"},\"inLanguage\":\"es\",\"potentialAction\":[{\"@type\":\"ReadAction\",\"target\":[\"https:\\\/\\\/www.teatreromea.cat\\\/es\\\/espacio-educativo\\\/\"]}]},{\"@type\":\"BreadcrumbList\",\"@id\":\"https:\\\/\\\/www.teatreromea.cat\\\/es\\\/espacio-educativo\\\/#breadcrumb\",\"itemListElement\":[{\"@type\":\"ListItem\",\"position\":1,\"name\":\"Inici\",\"item\":\"https:\\\/\\\/www.teatreromea.cat\\\/es\\\/\"},{\"@type\":\"ListItem\",\"position\":2,\"name\":\"Espacio Educativo\"}]},{\"@type\":\"WebSite\",\"@id\":\"https:\\\/\\\/www.teatreromea.cat\\\/es\\\/#website\",\"url\":\"https:\\\/\\\/www.teatreromea.cat\\\/es\\\/\",\"name\":\"Teatre Romea\",\"description\":\"\",\"publisher\":{\"@id\":\"https:\\\/\\\/www.teatreromea.cat\\\/es\\\/#organization\"},\"potentialAction\":[{\"@type\":\"SearchAction\",\"target\":{\"@type\":\"EntryPoint\",\"urlTemplate\":\"https:\\\/\\\/www.teatreromea.cat\\\/es\\\/?s={search_term_string}\"},\"query-input\":{\"@type\":\"PropertyValueSpecification\",\"valueRequired\":true,\"valueName\":\"search_term_string\"}}],\"inLanguage\":\"es\"},{\"@type\":\"Organization\",\"@id\":\"https:\\\/\\\/www.teatreromea.cat\\\/es\\\/#organization\",\"name\":\"Teatre Romea\",\"url\":\"https:\\\/\\\/www.teatreromea.cat\\\/es\\\/\",\"logo\":{\"@type\":\"ImageObject\",\"inLanguage\":\"es\",\"@id\":\"https:\\\/\\\/www.teatreromea.cat\\\/es\\\/#\\\/schema\\\/logo\\\/image\\\/\",\"url\":\"https:\\\/\\\/www.teatreromea.cat\\\/wp-content\\\/uploads\\\/sites\\\/2\\\/2017\\\/09\\\/teatre-romea-logo.svg\",\"contentUrl\":\"https:\\\/\\\/www.teatreromea.cat\\\/wp-content\\\/uploads\\\/sites\\\/2\\\/2017\\\/09\\\/teatre-romea-logo.svg\",\"width\":1,\"height\":1,\"caption\":\"Teatre Romea\"},\"image\":{\"@id\":\"https:\\\/\\\/www.teatreromea.cat\\\/es\\\/#\\\/schema\\\/logo\\\/image\\\/\"},\"sameAs\":[\"http:\\\/\\\/www.facebook.com\\\/TeatreRomea\",\"https:\\\/\\\/x.com\\\/teatre_romea\",\"http:\\\/\\\/instagram.com\\\/teatreromea\",\"http:\\\/\\\/www.youtube.com\\\/user\\\/TeatreRomea\"]}]}<\/script>\n<!-- \/ Yoast SEO plugin. -->","yoast_head_json":{"title":"Espacio Educativo - Teatre Romea","robots":{"index":"index","follow":"follow","max-snippet":"max-snippet:-1","max-image-preview":"max-image-preview:large","max-video-preview":"max-video-preview:-1"},"canonical":"https:\/\/www.teatreromea.cat\/es\/espacio-educativo\/","twitter_misc":{"Tiempo de lectura":"2 minutos"},"schema":{"@context":"https:\/\/schema.org","@graph":[{"@type":"WebPage","@id":"https:\/\/www.teatreromea.cat\/es\/espacio-educativo\/","url":"https:\/\/www.teatreromea.cat\/es\/espacio-educativo\/","name":"Espacio Educativo - Teatre Romea","isPartOf":{"@id":"https:\/\/www.teatreromea.cat\/es\/#website"},"datePublished":"2017-08-02T13:32:01+00:00","dateModified":"2025-07-30T12:38:32+00:00","breadcrumb":{"@id":"https:\/\/www.teatreromea.cat\/es\/espacio-educativo\/#breadcrumb"},"inLanguage":"es","potentialAction":[{"@type":"ReadAction","target":["https:\/\/www.teatreromea.cat\/es\/espacio-educativo\/"]}]},{"@type":"BreadcrumbList","@id":"https:\/\/www.teatreromea.cat\/es\/espacio-educativo\/#breadcrumb","itemListElement":[{"@type":"ListItem","position":1,"name":"Inici","item":"https:\/\/www.teatreromea.cat\/es\/"},{"@type":"ListItem","position":2,"name":"Espacio Educativo"}]},{"@type":"WebSite","@id":"https:\/\/www.teatreromea.cat\/es\/#website","url":"https:\/\/www.teatreromea.cat\/es\/","name":"Teatre Romea","description":"","publisher":{"@id":"https:\/\/www.teatreromea.cat\/es\/#organization"},"potentialAction":[{"@type":"SearchAction","target":{"@type":"EntryPoint","urlTemplate":"https:\/\/www.teatreromea.cat\/es\/?s={search_term_string}"},"query-input":{"@type":"PropertyValueSpecification","valueRequired":true,"valueName":"search_term_string"}}],"inLanguage":"es"},{"@type":"Organization","@id":"https:\/\/www.teatreromea.cat\/es\/#organization","name":"Teatre Romea","url":"https:\/\/www.teatreromea.cat\/es\/","logo":{"@type":"ImageObject","inLanguage":"es","@id":"https:\/\/www.teatreromea.cat\/es\/#\/schema\/logo\/image\/","url":"https:\/\/www.teatreromea.cat\/wp-content\/uploads\/sites\/2\/2017\/09\/teatre-romea-logo.svg","contentUrl":"https:\/\/www.teatreromea.cat\/wp-content\/uploads\/sites\/2\/2017\/09\/teatre-romea-logo.svg","width":1,"height":1,"caption":"Teatre Romea"},"image":{"@id":"https:\/\/www.teatreromea.cat\/es\/#\/schema\/logo\/image\/"},"sameAs":["http:\/\/www.facebook.com\/TeatreRomea","https:\/\/x.com\/teatre_romea","http:\/\/instagram.com\/teatreromea","http:\/\/www.youtube.com\/user\/TeatreRomea"]}]}},"_links":{"self":[{"href":"https:\/\/www.teatreromea.cat\/es\/wp-json\/wp\/v2\/pages\/4011","targetHints":{"allow":["GET"]}}],"collection":[{"href":"https:\/\/www.teatreromea.cat\/es\/wp-json\/wp\/v2\/pages"}],"about":[{"href":"https:\/\/www.teatreromea.cat\/es\/wp-json\/wp\/v2\/types\/page"}],"author":[{"embeddable":true,"href":"https:\/\/www.teatreromea.cat\/es\/wp-json\/wp\/v2\/users\/1"}],"replies":[{"embeddable":true,"href":"https:\/\/www.teatreromea.cat\/es\/wp-json\/wp\/v2\/comments?post=4011"}],"version-history":[{"count":0,"href":"https:\/\/www.teatreromea.cat\/es\/wp-json\/wp\/v2\/pages\/4011\/revisions"}],"wp:attachment":[{"href":"https:\/\/www.teatreromea.cat\/es\/wp-json\/wp\/v2\/media?parent=4011"}],"curies":[{"name":"wp","href":"https:\/\/api.w.org\/{rel}","templated":true}]}}